{"id":1010,"date":"2015-06-02T11:57:35","date_gmt":"2015-06-02T11:57:35","guid":{"rendered":"http:\/\/www.umweltkonzept-dr-meyer.de\/?page_id=1010"},"modified":"2018-04-11T10:19:42","modified_gmt":"2018-04-11T10:19:42","slug":"1010-2","status":"publish","type":"page","link":"https:\/\/www.umweltkonzept-dr-meyer.de\/en\/services-a-z\/1010-2\/","title":{"rendered":"Conversion sites \/ solar parks"},"content":{"rendered":"<p>[vc_row][vc_column width=&#8221;2\/3&#8243;][vc_column_text]<\/p>\n<blockquote><p>The German Renewable Energy Sources Act (2017) stipulates specific requirements that need to be met in order to receive subsidies for the establishment of solar parks in open spaces.<\/p><\/blockquote>\n<p>According to the Act sealed areas or conversion areas that were formerly used commercially, by traffic, as housing or military sites, and are not located within a nature reserve or national park, may be used for establishment of solar parks. Areas qualify for conversion if the ecological value of the area is deemed to be substantially impaired as a result of its former commercial or military use. This is to ensure that productive areas, which may be suited to agricultural or forestry use are not compromised. In conversion reports the ecological value \u00a0of an area or soil is examined.<\/p>\n<p><strong>For example, the ecological value of a site may be substantially impaired due to:<\/strong><\/p>\n<ul>\n<li>Soil contamination or adverse soil conditions<\/li>\n<li>Explosive ordnances<\/li>\n<li>Sealed surfaces associated with considerable impacts on the natural soil functions<\/li>\n<li>Impairment of natural soil functions<\/li>\n<\/ul>\n<p>Additionally areas with physical structures which were used for other purposes than to generate electricity are eligible for the construction of solar parks. The physical structures may be overgrown by ruderal species which are common on neglected sites.<\/p>\n<p>For a physical structure to be acknowledged regarding claims to remuneration according to the German Renewable Energy Sources Act (2017) an extensive evaluation of the site is executed.<\/p>\n<p><strong>The following examples show acknowledged physical structures:<\/strong><\/p>\n<ul>\n<li>Sealed surfaces<\/li>\n<li>Accumulations and excavations<\/li>\n<li>Storage places<\/li>\n<li>Streets and parking areas for motorized vehicles<\/li>\n<li>Sports- and playgrounds<\/li>\n<\/ul>\n<h3>What can we provide?<\/h3>\n<p>An initial feasibility study is carried out to ensure the project is viable under the government scheme. Thereafter an investigation plan will be drafted outlining the relevant parameters used to indicate the ecological impairment value (or physical structures). Once the technical investigation and analyses have been completed, we can then provide a technical report to substantiate that the area is eligible for funding according to the German Renewable Energy Sources Act (2017).<\/p>\n<ul>\n<li>Preliminary examination of the site-specific requirements<\/li>\n<li>planning of\u00a0 the relevant parameters to be analysed<\/li>\n<li>Technical investigation of relevant parameters as evidence of the impaired ecological value (or to indicate the physical structures)<\/li>\n<li>Expert reports on conversion sites<\/li>\n<\/ul>\n<p>[\/vc_column_text][\/vc_column][vc_column width=&#8221;1\/3&#8243;][vc_gallery type=&#8221;image_grid&#8221; images=&#8221;567,568,569,570&#8243; img_size=&#8221;150&#215;150&#8243;][vc_column_text]<strong>Projektbeispiel:<br \/>\nGeplante Solarparkfl\u00e4che auf dem Gel\u00e4nde der ehemaligen Raketenabwehrstation in Rietzneuendorf<br \/>\n<\/strong><\/p>\n<p style=\"text-align: justify;\">Aufgabenstellung:<br \/>\nZiel der Untersuchung durch UMWELTKONZEPT DR. MEYER war, im Hinblick auf die EEG-F\u00e4higkeit festzustellen, ob am Standort aufgrund der fr\u00fcheren milit\u00e4rischen Nutzung erhebliche Beeintr\u00e4chti-<br \/>\ngungen des \u00f6kologischen Wertes der Fl\u00e4che bzw.<br \/>\nwesentliche Beeintr\u00e4chtigungen der nat\u00fcrlichen Bodenfunktionen vorliegen.<br \/>\nVorgehensweise\/ L\u00f6sung:<br \/>\nSch\u00e4dliche Bodenver\u00e4nderungen wie fl\u00e4chen-<br \/>\ndeckende Auff\u00fcllungen, ein gest\u00f6rtes Bodengef\u00fcge und die fehlende Ausbildung von Oberboden konnten belegt, schlechte Wachstumsbedingungen f\u00fcr Pflanzen anhand geeigneter Messungen (Ver-<br \/>\nsiegelung, Gehalt an technogenen Beimengungen, Bodenverdichtung, bodenchemische Parameter) nachgewiesen sowie eine F\u00f6rderf\u00e4higkeit gem\u00e4\u00df<br \/>\nEEG (2014) festgestellt werden.<br \/>\nWeitere Projekte, die von UMWELTKONZEPT DR. MEYER bearbeitet wurden, befinden sich in Bellersdorf, Goldberg, Gro\u00dffurra, Gro\u00dfwudicke, Hameln, Jessnitz, Meyenburg, M\u00fcgeln und Sukow.<\/p>\n<p>[\/vc_column_text][vc_gallery type=&#8221;image_grid&#8221; images=&#8221;1491,1492,1493&#8243; img_size=&#8221;150 x 150&#8243;][\/vc_column][\/vc_row]<\/p>\n","protected":false},"excerpt":{"rendered":"<p>[vc_row][vc_column width=&#8221;2\/3&#8243;][vc_column_text] The German Renewable Energy Sources Act (2017) stipulates specific requirements that need to be met in order to<span class=\"excerpt-hellip\"> [\u2026]<\/span><\/p>\n","protected":false},"author":2,"featured_media":0,"parent":887,"menu_order":0,"comment_status":"closed","ping_status":"closed","template":"","meta":{"footnotes":""},"class_list":["post-1010","page","type-page","status-publish","hentry"],"aioseo_notices":[],"_links":{"self":[{"href":"https:\/\/www.umweltkonzept-dr-meyer.de\/en\/wp-json\/wp\/v2\/pages\/1010\/"}],"collection":[{"href":"https:\/\/www.umweltkonzept-dr-meyer.de\/en\/wp-json\/wp\/v2\/pages\/"}],"about":[{"href":"https:\/\/www.umweltkonzept-dr-meyer.de\/en\/wp-json\/wp\/v2\/types\/page\/"}],"author":[{"embeddable":true,"href":"https:\/\/www.umweltkonzept-dr-meyer.de\/en\/wp-json\/wp\/v2\/users\/2\/"}],"replies":[{"embeddable":true,"href":"https:\/\/www.umweltkonzept-dr-meyer.de\/en\/wp-json\/wp\/v2\/comments\/?post=1010"}],"version-history":[{"count":9,"href":"https:\/\/www.umweltkonzept-dr-meyer.de\/en\/wp-json\/wp\/v2\/pages\/1010\/revisions\/"}],"predecessor-version":[{"id":1914,"href":"https:\/\/www.umweltkonzept-dr-meyer.de\/en\/wp-json\/wp\/v2\/pages\/1010\/revisions\/1914\/"}],"up":[{"embeddable":true,"href":"https:\/\/www.umweltkonzept-dr-meyer.de\/en\/wp-json\/wp\/v2\/pages\/887\/"}],"wp:attachment":[{"href":"https:\/\/www.umweltkonzept-dr-meyer.de\/en\/wp-json\/wp\/v2\/media\/?parent=1010"}],"curies":[{"name":"wp","href":"https:\/\/api.w.org\/{rel}","templated":true}]}}