{"id":876,"date":"2015-04-28T15:59:05","date_gmt":"2015-04-28T15:59:05","guid":{"rendered":"http:\/\/www.umweltkonzept-dr-meyer.de\/?page_id=876"},"modified":"2015-04-28T15:59:05","modified_gmt":"2015-04-28T15:59:05","slug":"imprint","status":"publish","type":"page","link":"https:\/\/www.umweltkonzept-dr-meyer.de\/en\/imprint\/","title":{"rendered":"Imprint"},"content":{"rendered":"<p>[vc_row][vc_column width=&#8221;1\/2&#8243;][vc_column_text]Informationen gem\u00e4\u00df \u00a7 5 Telemediengesetz (TMG) <strong>UMWELTKONZEPT DR. MEYER <\/strong>Einzelunternehmen<\/p>\n<hr \/>\n<p>Verantwortlich f\u00fcr den Inhalt: Dr. Ulrike Meyer Fritschestra\u00dfe 26 10585 Berlin Tel.: 030-34 70 22 99 Fax: 030-3 41 33 89 umeyer@umweltkonzept-dr-meyer.de \u00d6ffentlich bestellte und vereidigte Sachverst\u00e4ndige sind nach Ma\u00dfgabe von \u00a7 36 GewO t\u00e4tig. Dr. Ulrike Meyer wurde durch die Industrie- und Handelskammer f\u00fcr das Sachgebiet &#8220;Bodenkontaminationen, Gef\u00e4hrdungsabsch\u00e4tzung f\u00fcr die Wirkungspfade Boden-Pflanze und Boden-Mensch (Bodenschutz und Altlasten, Sachgebiete 3 und 4) \u00f6ffentlich bestellt und vereidigt. Sie unterliegt den Bestimmungen der Sachverst\u00e4ndigenordnung der Industrie- und Handelskammer Berlin. Diese kann unter www.ihk.de eingesehen werden. Leistungen, die nicht in diese Sachgebiete fallen, sind Sachverst\u00e4ndigenleistungen jedoch ohne \u00f6ffentliche Bestellung und Vereidigung.<\/p>\n<hr \/>\n<p><strong>Umsatzsteuer-Identifikationsnummer gem\u00e4\u00df \u00a7 27 a Umsatzsteuergesetz<\/strong> DE190830293 <strong>Berufshaftpflichtversicherung:<\/strong> HDI Versicherung AG Neumarkt 15 66117 Saarbr\u00fccken<\/p>\n<hr \/>\n<p>Realisation: <a href=\"http:\/\/pixelbasis.de\" target=\"_blank\">pixelbasis. Webdesign<\/a><\/p>\n<hr \/>\n<p>[\/vc_column_text][\/vc_column][vc_column width=&#8221;1\/2&#8243;][vc_column_text]Disclaimer <strong>Haftungsbeschr\u00e4nkung: <\/strong> Diese Website wurde mit gr\u00f6\u00dftm\u00f6glicher Sorgfalt erstellt. F\u00fcr die Richtigkeit, Vollst\u00e4ndigkeit und Aktualit\u00e4t der Inhalte k\u00f6nnen wir jedoch ebenso wie f\u00fcr interne wie externe Verweise auf andere Internet-Seiten oder Internet-Inhalte keine Gew\u00e4hr \u00fcbernehmen. Wir schlie\u00dfen jegliche Haftung f\u00fcr Sch\u00e4den, die direkt oder indirekt aus der Benutzung dieser Website entstehen, aus. <strong>Hinweis zum Urheberrecht: <\/strong> Die durch die Seitenbetreiber erstellten Inhalte und Werke auf diesen Seiten unterliegen dem deutschen Urheberrecht. Die Vervielf\u00e4ltigung, Bearbeitung, Verbreitung und jede Art der Verwertung au\u00dferhalb der Grenzen des Urheberrechtes bed\u00fcrfen der schriftlichen Zustimmung des jeweiligen Autors bzw. Erstellers. Downloads und Kopien dieser Seite sind nur f\u00fcr den privaten, nicht kommerziellen Gebrauch gestattet. Soweit die Inhalte auf dieser Seite nicht vom Betreiber erstellt wurden, werden die Urheberrechte Dritter beachtet. Insbesondere werden Inhalte Dritter als solche gekennzeichnet. Sollten Sie trotzdem auf eine Urheberrechtsverletzung aufmerksam werden, bitten wir um einen entsprechenden Hinweis. Bei Bekanntwerden von Rechtsverletzungen werden wir derartige Inhalte umgehend entfernen. Urheberinformationen gem\u00e4\u00df \u00a7 13 UrhG: <strong>Fotos<\/strong> Startseite: \u00a9 Elnur \u2013 shutterstock.com \u00d6kologische Bodengutachten:\u00a0\u00a9 robert &#8211; Fotolia.com <span style=\"line-height: 1.5;\">Kooperationspartner: \u00a9 Saklakova \u2013 Fotolia.com <\/span><span style=\"line-height: 1.5;\">Bodenprofile: \u00a9 AID e.V.<\/span> <strong>Hinweise zu externen Links:<\/strong> Unser Angebot enth\u00e4lt Links zu externen Webseiten Dritter, auf deren Inhalte wir keinen Einfluss haben. Deshalb k\u00f6nnen wir f\u00fcr diese fremden Inhalte auch keine Gew\u00e4hr \u00fcbernehmen. F\u00fcr die Inhalte der verlinkten Seiten ist stets der jeweilige Anbieter oder Betreiber der Seiten verantwortlich. Die verlinkten Seiten wurden zum Zeitpunkt der Verlinkung auf m\u00f6gliche Rechtsverst\u00f6\u00dfe \u00fcberpr\u00fcft. Rechtswidrige Inhalte waren zum Zeitpunkt der Verlinkung nicht erkennbar. Eine permanente inhaltliche Kontrolle der verlinkten Seiten ist jedoch ohne konkrete Anhaltspunkte einer Rechtsverletzung nicht zumutbar. Bei bekannt werden von Rechtsverletzungen werden wir derartige Links umgehend entfernen.[\/vc_column_text][\/vc_column][\/vc_row]<\/p>\n","protected":false},"excerpt":{"rendered":"<p>[vc_row][vc_column width=&#8221;1\/2&#8243;][vc_column_text]Informationen gem\u00e4\u00df \u00a7 5 Telemediengesetz (TMG) UMWELTKONZEPT DR. MEYER Einzelunternehmen Verantwortlich f\u00fcr den Inhalt: Dr. Ulrike Meyer Fritschestra\u00dfe 26<span class=\"excerpt-hellip\"> [\u2026]<\/span><\/p>\n","protected":false},"author":1,"featured_media":0,"parent":0,"menu_order":0,"comment_status":"closed","ping_status":"closed","template":"","meta":{"footnotes":""},"class_list":["post-876","page","type-page","status-publish","hentry"],"aioseo_notices":[],"_links":{"self":[{"href":"https:\/\/www.umweltkonzept-dr-meyer.de\/en\/wp-json\/wp\/v2\/pages\/876\/"}],"collection":[{"href":"https:\/\/www.umweltkonzept-dr-meyer.de\/en\/wp-json\/wp\/v2\/pages\/"}],"about":[{"href":"https:\/\/www.umweltkonzept-dr-meyer.de\/en\/wp-json\/wp\/v2\/types\/page\/"}],"author":[{"embeddable":true,"href":"https:\/\/www.umweltkonzept-dr-meyer.de\/en\/wp-json\/wp\/v2\/users\/1\/"}],"replies":[{"embeddable":true,"href":"https:\/\/www.umweltkonzept-dr-meyer.de\/en\/wp-json\/wp\/v2\/comments\/?post=876"}],"version-history":[{"count":1,"href":"https:\/\/www.umweltkonzept-dr-meyer.de\/en\/wp-json\/wp\/v2\/pages\/876\/revisions\/"}],"predecessor-version":[{"id":877,"href":"https:\/\/www.umweltkonzept-dr-meyer.de\/en\/wp-json\/wp\/v2\/pages\/876\/revisions\/877\/"}],"wp:attachment":[{"href":"https:\/\/www.umweltkonzept-dr-meyer.de\/en\/wp-json\/wp\/v2\/media\/?parent=876"}],"curies":[{"name":"wp","href":"https:\/\/api.w.org\/{rel}","templated":true}]}}